{"id":4332,"date":"2025-10-08T02:19:41","date_gmt":"2025-10-08T02:19:41","guid":{"rendered":"https:\/\/pepscan.eu\/blog-news\/"},"modified":"2026-04-21T12:07:43","modified_gmt":"2026-04-21T12:07:43","slug":"blog-news","status":"publish","type":"page","link":"https:\/\/pepscan.eu\/en\/blog-news\/","title":{"rendered":"Blog &amp; News"},"content":{"rendered":"\t\t<div data-elementor-type=\"wp-page\" data-elementor-id=\"4332\" class=\"elementor elementor-4332 elementor-141\" data-elementor-post-type=\"page\">\n\t\t\t\t<div class=\"elementor-element elementor-element-37d34a2 e-flex e-con-boxed pxl-column-none pxl-row-scroll-none pxl-zoom-point-false pxl-section-overflow-visible pxl-section-fix-none pxl-full-content-with-space-none pxl-bg-color-none pxl-section-overlay-none e-con e-parent \" data-id=\"37d34a2\" data-element_type=\"container\" data-e-type=\"container\">\t\t\t<div class=\"e-con-inner\">\r\n\t\t<div class=\"elementor-element elementor-element-9c8a8ca e-con-full e-flex pxl-column-none pxl-row-scroll-none pxl-zoom-point-false pxl-section-overflow-visible pxl-section-fix-none pxl-full-content-with-space-none pxl-bg-color-none pxl-section-overlay-none e-con e-child \" data-id=\"9c8a8ca\" data-element_type=\"container\" data-e-type=\"container\">\t\t<div class=\"elementor-element elementor-element-509d54c pxl-post-layout-post-1 elementor-widget elementor-widget-pxl_post_grid\" data-id=\"509d54c\" data-element_type=\"widget\" data-e-type=\"widget\" data-widget_type=\"pxl_post_grid.default\">\n\t\t\t\t<div class=\"elementor-widget-container\">\n\t\t\t\t\t\n<div id=\"pxl_post_grid-509d54c-6165\" class=\"pxl-grid pxl-blog-grid pxl-blog-grid1\" data-start-page=\"1\" data-max-pages=\"1\" data-total=\"3\" data-perpage=\"6\" data-next-link=\"\" data-loadmore=\"{&quot;tax&quot;:[&quot;category&quot;],&quot;post_type&quot;:&quot;post&quot;,&quot;layout&quot;:&quot;post-1&quot;,&quot;startPage&quot;:1,&quot;maxPages&quot;:1,&quot;total&quot;:3,&quot;filter&quot;:&quot;false&quot;,&quot;filter_type&quot;:&quot;normal&quot;,&quot;perpage&quot;:&quot;6&quot;,&quot;nextLink&quot;:&quot;&quot;,&quot;source&quot;:&quot;&quot;,&quot;orderby&quot;:&quot;date&quot;,&quot;order&quot;:&quot;desc&quot;,&quot;limit&quot;:&quot;6&quot;,&quot;post_ids&quot;:[],&quot;col_xl&quot;:4,&quot;col_lg&quot;:6,&quot;col_md&quot;:6,&quot;col_sm&quot;:6,&quot;col_xs&quot;:12,&quot;pagination_type&quot;:&quot;pagination&quot;,&quot;show_date&quot;:&quot;true&quot;,&quot;show_author&quot;:&quot;true&quot;,&quot;show_tags&quot;:&quot;true&quot;,&quot;img_size&quot;:&quot;&quot;,&quot;grid_masonry&quot;:&quot;&quot;,&quot;pxl_animate&quot;:&quot;&quot;}\" data-layout=\"masonry\">\n    \n    <div class=\"pxl-grid-inner pxl-grid-masonry row\" data-gutter=\"15\">\n        <div class=\"grid-sizer col-xl-4 col-lg-6 col-md-6 col-sm-6 col-12\"><\/div>\n                    <div class=\"pxl-grid-item col-xl-4 col-lg-6 col-md-6 col-sm-6 col-12 bez-kategorii\">\n                <div class=\"pxl-post--inner \" data-wow-duration=\"1.2s\">\n                    <a class=\"pxl-inner-link\" href=\"https:\/\/pepscan.eu\/en\/what-are-peptides-and-what-are-their-uses\/\"><\/a>\n                                            <div class=\"pxl-post--featured hover-imge-effect3\">\n                            <img fetchpriority=\"high\" decoding=\"async\" class=\"\" src=\"https:\/\/pepscan.eu\/wp-content\/uploads\/2026\/04\/Gemini_Generated_Image_52l2z452l2z452l2-1000x1000.png\" width=\"1000\" height=\"1000\" alt=\"Gemini_Generated_Image_52l2z452l2z452l2\" title=\"Gemini_Generated_Image_52l2z452l2z452l2\" \/>                        <\/div>\n                                        <div class=\"pxl-item-content\">\n                                                <h4 class=\"pxl-post--title\">What are peptides and what are their uses?<\/h4>\n                        <div class=\"pxl-post-meta pxl-flex\">\n                                                                                            <div class=\"pxl-post--author pxl-flex\">\n                                    <div class=\"pxl-author--img\">\n                                        <img alt='pepscan' src='https:\/\/secure.gravatar.com\/avatar\/0d26b9fbe6abbfa4acb80a9a2b40d03b48cf1ec3b677bddb76ec82b9300dcbf5?s=60&#038;d=mm&#038;r=g' srcset='https:\/\/secure.gravatar.com\/avatar\/0d26b9fbe6abbfa4acb80a9a2b40d03b48cf1ec3b677bddb76ec82b9300dcbf5?s=120&#038;d=mm&#038;r=g 2x' class='avatar avatar-60 photo' height='60' width='60' \/>                                    <\/div>\n                                    <div class=\"pxl-author-meta\">\n                                        pepscan                                    <\/div>\n                                <\/div>\n                                                                                        <div class=\"pxl-item--date pxl-flex\">\n                                    <i class=\"fal fa-calendar-alt\"><\/i>\n                                    8 Oct 2025                                <\/div>\n                                                    <\/div>\n                    <\/div>\n                <\/div>\n            <\/div>\n                    <div class=\"pxl-grid-item col-xl-4 col-lg-6 col-md-6 col-sm-6 col-12 bez-kategorii\">\n                <div class=\"pxl-post--inner \" data-wow-duration=\"1.2s\">\n                    <a class=\"pxl-inner-link\" href=\"https:\/\/pepscan.eu\/en\/peptide-modifications-what-is-worth-knowing\/\"><\/a>\n                                            <div class=\"pxl-post--featured hover-imge-effect3\">\n                            <img decoding=\"async\" class=\"\" src=\"https:\/\/pepscan.eu\/wp-content\/uploads\/2026\/04\/banner-tlo-1000x1000.png\" width=\"1000\" height=\"1000\" alt=\"banner background\" title=\"banner background\" \/>                        <\/div>\n                                        <div class=\"pxl-item-content\">\n                                                <h4 class=\"pxl-post--title\">Peptide modifications &#8211; what is worth knowing?<\/h4>\n                        <div class=\"pxl-post-meta pxl-flex\">\n                                                                                            <div class=\"pxl-post--author pxl-flex\">\n                                    <div class=\"pxl-author--img\">\n                                        <img alt='pepscan' src='https:\/\/secure.gravatar.com\/avatar\/0d26b9fbe6abbfa4acb80a9a2b40d03b48cf1ec3b677bddb76ec82b9300dcbf5?s=60&#038;d=mm&#038;r=g' srcset='https:\/\/secure.gravatar.com\/avatar\/0d26b9fbe6abbfa4acb80a9a2b40d03b48cf1ec3b677bddb76ec82b9300dcbf5?s=120&#038;d=mm&#038;r=g 2x' class='avatar avatar-60 photo' height='60' width='60' \/>                                    <\/div>\n                                    <div class=\"pxl-author-meta\">\n                                        pepscan                                    <\/div>\n                                <\/div>\n                                                                                        <div class=\"pxl-item--date pxl-flex\">\n                                    <i class=\"fal fa-calendar-alt\"><\/i>\n                                    8 Oct 2025                                <\/div>\n                                                    <\/div>\n                    <\/div>\n                <\/div>\n            <\/div>\n                    <div class=\"pxl-grid-item col-xl-4 col-lg-6 col-md-6 col-sm-6 col-12 bez-kategorii\">\n                <div class=\"pxl-post--inner \" data-wow-duration=\"1.2s\">\n                    <a class=\"pxl-inner-link\" href=\"https:\/\/pepscan.eu\/en\/how-does-peptide-synthesis-proceed-step-by-step\/\"><\/a>\n                                            <div class=\"pxl-post--featured hover-imge-effect3\">\n                            <img decoding=\"async\" class=\"\" src=\"https:\/\/pepscan.eu\/wp-content\/uploads\/2025\/10\/shutterstock_1924512749-scaled-1-1000x1000.jpg\" width=\"1000\" height=\"1000\" alt=\"Modern,Medical,Research,Laboratory,With,Computer,,Microscope,,Glassware,With,Biochemicals\" title=\"Modern,Medical,Research,Laboratory,With,Computer,,Microscope,,Glassware,With,Biochemicals\" \/>                        <\/div>\n                                        <div class=\"pxl-item-content\">\n                                                <h4 class=\"pxl-post--title\">How does peptide synthesis proceed step by step?<\/h4>\n                        <div class=\"pxl-post-meta pxl-flex\">\n                                                                                            <div class=\"pxl-post--author pxl-flex\">\n                                    <div class=\"pxl-author--img\">\n                                        <img alt='pepscan' src='https:\/\/secure.gravatar.com\/avatar\/0d26b9fbe6abbfa4acb80a9a2b40d03b48cf1ec3b677bddb76ec82b9300dcbf5?s=60&#038;d=mm&#038;r=g' srcset='https:\/\/secure.gravatar.com\/avatar\/0d26b9fbe6abbfa4acb80a9a2b40d03b48cf1ec3b677bddb76ec82b9300dcbf5?s=120&#038;d=mm&#038;r=g 2x' class='avatar avatar-60 photo' height='60' width='60' \/>                                    <\/div>\n                                    <div class=\"pxl-author-meta\">\n                                        pepscan                                    <\/div>\n                                <\/div>\n                                                                                        <div class=\"pxl-item--date pxl-flex\">\n                                    <i class=\"fal fa-calendar-alt\"><\/i>\n                                    8 Oct 2025                                <\/div>\n                                                    <\/div>\n                    <\/div>\n                <\/div>\n            <\/div>\n            <\/div>\n            <div class=\"pxl-grid-pagination\">\n                    <\/div>\n        <\/div>\t\t\t\t<\/div>\n\t\t\t\t<\/div>\n\t\t\t\t<\/div>\r\n\t\t\t\t\t<\/div>\r\n\t\t\t\t<\/div>\r\n\t\t\t\t<\/div>\n\t\t","protected":false},"excerpt":{"rendered":"<p>Czym s\u0105 peptydy i jakie maj\u0105 zastosowanie? pepscan 8 pa\u017a 2025 Modyfikacje peptyd\u00f3w \u2013 co warto wiedzie\u0107? pepscan 8 pa\u017a 2025 Jak przebiega synteza peptyd\u00f3w krok po kroku? pepscan 8 pa\u017a 2025<\/p>\n","protected":false},"author":1,"featured_media":0,"parent":0,"menu_order":0,"comment_status":"closed","ping_status":"closed","template":"","meta":{"footnotes":""},"class_list":["post-4332","page","type-page","status-publish","hentry"],"yoast_head":"<!-- This site is optimized with the Yoast SEO Premium plugin v27.4 (Yoast SEO v27.4) - https:\/\/yoast.com\/product\/yoast-seo-premium-wordpress\/ -->\n<title>Blog &amp; News - PepScan<\/title>\n<meta name=\"description\" content=\"News and articles about peptide synthesis, their applications, and the latest trends in biotechnology, pharmaceuticals, and scientific research.\" \/>\n<meta name=\"robots\" content=\"index, follow, max-snippet:-1, max-image-preview:large, max-video-preview:-1\" \/>\n<link rel=\"canonical\" href=\"https:\/\/pepscan.eu\/en\/blog-news\/\" \/>\n<meta property=\"og:locale\" content=\"en_US\" \/>\n<meta property=\"og:type\" content=\"article\" \/>\n<meta property=\"og:title\" content=\"Blog &amp; News\" \/>\n<meta property=\"og:description\" content=\"News and articles about peptide synthesis, their applications, and the latest trends in biotechnology, pharmaceuticals, and scientific research.\" \/>\n<meta property=\"og:url\" content=\"https:\/\/pepscan.eu\/en\/blog-news\/\" \/>\n<meta property=\"og:site_name\" content=\"PepScan\" \/>\n<meta property=\"article:modified_time\" content=\"2026-04-21T12:07:43+00:00\" \/>\n<meta property=\"og:image\" content=\"https:\/\/pepscan.eu\/wp-content\/uploads\/2026\/04\/Gemini_Generated_Image_52l2z452l2z452l2-1000x1000.png\" \/>\n<meta name=\"twitter:card\" content=\"summary_large_image\" \/>\n<meta name=\"twitter:label1\" content=\"Est. reading time\" \/>\n\t<meta name=\"twitter:data1\" content=\"2 minutes\" \/>\n<script type=\"application\/ld+json\" class=\"yoast-schema-graph\">{\"@context\":\"https:\\\/\\\/schema.org\",\"@graph\":[{\"@type\":\"WebPage\",\"@id\":\"https:\\\/\\\/pepscan.eu\\\/en\\\/blog-news\\\/\",\"url\":\"https:\\\/\\\/pepscan.eu\\\/en\\\/blog-news\\\/\",\"name\":\"Blog &amp; News - PepScan\",\"isPartOf\":{\"@id\":\"https:\\\/\\\/pepscan.eu\\\/en\\\/#website\"},\"primaryImageOfPage\":{\"@id\":\"https:\\\/\\\/pepscan.eu\\\/en\\\/blog-news\\\/#primaryimage\"},\"image\":{\"@id\":\"https:\\\/\\\/pepscan.eu\\\/en\\\/blog-news\\\/#primaryimage\"},\"thumbnailUrl\":\"https:\\\/\\\/pepscan.eu\\\/wp-content\\\/uploads\\\/2026\\\/04\\\/Gemini_Generated_Image_52l2z452l2z452l2-1000x1000.png\",\"datePublished\":\"2025-10-08T02:19:41+00:00\",\"dateModified\":\"2026-04-21T12:07:43+00:00\",\"description\":\"News and articles about peptide synthesis, their applications, and the latest trends in biotechnology, pharmaceuticals, and scientific research.\",\"breadcrumb\":{\"@id\":\"https:\\\/\\\/pepscan.eu\\\/en\\\/blog-news\\\/#breadcrumb\"},\"inLanguage\":\"en-US\",\"potentialAction\":[{\"@type\":\"ReadAction\",\"target\":[\"https:\\\/\\\/pepscan.eu\\\/en\\\/blog-news\\\/\"]}]},{\"@type\":\"ImageObject\",\"inLanguage\":\"en-US\",\"@id\":\"https:\\\/\\\/pepscan.eu\\\/en\\\/blog-news\\\/#primaryimage\",\"url\":\"https:\\\/\\\/pepscan.eu\\\/wp-content\\\/uploads\\\/2026\\\/04\\\/Gemini_Generated_Image_52l2z452l2z452l2-1000x1000.png\",\"contentUrl\":\"https:\\\/\\\/pepscan.eu\\\/wp-content\\\/uploads\\\/2026\\\/04\\\/Gemini_Generated_Image_52l2z452l2z452l2-1000x1000.png\"},{\"@type\":\"BreadcrumbList\",\"@id\":\"https:\\\/\\\/pepscan.eu\\\/en\\\/blog-news\\\/#breadcrumb\",\"itemListElement\":[{\"@type\":\"ListItem\",\"position\":1,\"name\":\"Home\",\"item\":\"https:\\\/\\\/pepscan.eu\\\/en\\\/\"},{\"@type\":\"ListItem\",\"position\":2,\"name\":\"Blog &amp; News\"}]},{\"@type\":\"WebSite\",\"@id\":\"https:\\\/\\\/pepscan.eu\\\/en\\\/#website\",\"url\":\"https:\\\/\\\/pepscan.eu\\\/en\\\/\",\"name\":\"PepScan\",\"description\":\"Custom peptide synthesis\",\"publisher\":{\"@id\":\"https:\\\/\\\/pepscan.eu\\\/en\\\/#organization\"},\"potentialAction\":[{\"@type\":\"SearchAction\",\"target\":{\"@type\":\"EntryPoint\",\"urlTemplate\":\"https:\\\/\\\/pepscan.eu\\\/en\\\/?s={search_term_string}\"},\"query-input\":{\"@type\":\"PropertyValueSpecification\",\"valueRequired\":true,\"valueName\":\"search_term_string\"}}],\"inLanguage\":\"en-US\"},{\"@type\":\"Organization\",\"@id\":\"https:\\\/\\\/pepscan.eu\\\/en\\\/#organization\",\"name\":\"PepScan\",\"url\":\"https:\\\/\\\/pepscan.eu\\\/en\\\/\",\"logo\":{\"@type\":\"ImageObject\",\"inLanguage\":\"en-US\",\"@id\":\"https:\\\/\\\/pepscan.eu\\\/en\\\/#\\\/schema\\\/logo\\\/image\\\/\",\"url\":\"\",\"contentUrl\":\"\",\"caption\":\"PepScan\"},\"image\":{\"@id\":\"https:\\\/\\\/pepscan.eu\\\/en\\\/#\\\/schema\\\/logo\\\/image\\\/\"}}]}<\/script>\n<!-- \/ Yoast SEO Premium plugin. -->","yoast_head_json":{"title":"Blog &amp; News - PepScan","description":"News and articles about peptide synthesis, their applications, and the latest trends in biotechnology, pharmaceuticals, and scientific research.","robots":{"index":"index","follow":"follow","max-snippet":"max-snippet:-1","max-image-preview":"max-image-preview:large","max-video-preview":"max-video-preview:-1"},"canonical":"https:\/\/pepscan.eu\/en\/blog-news\/","og_locale":"en_US","og_type":"article","og_title":"Blog &amp; News","og_description":"News and articles about peptide synthesis, their applications, and the latest trends in biotechnology, pharmaceuticals, and scientific research.","og_url":"https:\/\/pepscan.eu\/en\/blog-news\/","og_site_name":"PepScan","article_modified_time":"2026-04-21T12:07:43+00:00","og_image":[{"url":"https:\/\/pepscan.eu\/wp-content\/uploads\/2026\/04\/Gemini_Generated_Image_52l2z452l2z452l2-1000x1000.png","type":"","width":"","height":""}],"twitter_card":"summary_large_image","twitter_misc":{"Est. reading time":"2 minutes"},"schema":{"@context":"https:\/\/schema.org","@graph":[{"@type":"WebPage","@id":"https:\/\/pepscan.eu\/en\/blog-news\/","url":"https:\/\/pepscan.eu\/en\/blog-news\/","name":"Blog &amp; News - PepScan","isPartOf":{"@id":"https:\/\/pepscan.eu\/en\/#website"},"primaryImageOfPage":{"@id":"https:\/\/pepscan.eu\/en\/blog-news\/#primaryimage"},"image":{"@id":"https:\/\/pepscan.eu\/en\/blog-news\/#primaryimage"},"thumbnailUrl":"https:\/\/pepscan.eu\/wp-content\/uploads\/2026\/04\/Gemini_Generated_Image_52l2z452l2z452l2-1000x1000.png","datePublished":"2025-10-08T02:19:41+00:00","dateModified":"2026-04-21T12:07:43+00:00","description":"News and articles about peptide synthesis, their applications, and the latest trends in biotechnology, pharmaceuticals, and scientific research.","breadcrumb":{"@id":"https:\/\/pepscan.eu\/en\/blog-news\/#breadcrumb"},"inLanguage":"en-US","potentialAction":[{"@type":"ReadAction","target":["https:\/\/pepscan.eu\/en\/blog-news\/"]}]},{"@type":"ImageObject","inLanguage":"en-US","@id":"https:\/\/pepscan.eu\/en\/blog-news\/#primaryimage","url":"https:\/\/pepscan.eu\/wp-content\/uploads\/2026\/04\/Gemini_Generated_Image_52l2z452l2z452l2-1000x1000.png","contentUrl":"https:\/\/pepscan.eu\/wp-content\/uploads\/2026\/04\/Gemini_Generated_Image_52l2z452l2z452l2-1000x1000.png"},{"@type":"BreadcrumbList","@id":"https:\/\/pepscan.eu\/en\/blog-news\/#breadcrumb","itemListElement":[{"@type":"ListItem","position":1,"name":"Home","item":"https:\/\/pepscan.eu\/en\/"},{"@type":"ListItem","position":2,"name":"Blog &amp; News"}]},{"@type":"WebSite","@id":"https:\/\/pepscan.eu\/en\/#website","url":"https:\/\/pepscan.eu\/en\/","name":"PepScan","description":"Custom peptide synthesis","publisher":{"@id":"https:\/\/pepscan.eu\/en\/#organization"},"potentialAction":[{"@type":"SearchAction","target":{"@type":"EntryPoint","urlTemplate":"https:\/\/pepscan.eu\/en\/?s={search_term_string}"},"query-input":{"@type":"PropertyValueSpecification","valueRequired":true,"valueName":"search_term_string"}}],"inLanguage":"en-US"},{"@type":"Organization","@id":"https:\/\/pepscan.eu\/en\/#organization","name":"PepScan","url":"https:\/\/pepscan.eu\/en\/","logo":{"@type":"ImageObject","inLanguage":"en-US","@id":"https:\/\/pepscan.eu\/en\/#\/schema\/logo\/image\/","url":"","contentUrl":"","caption":"PepScan"},"image":{"@id":"https:\/\/pepscan.eu\/en\/#\/schema\/logo\/image\/"}}]}},"_links":{"self":[{"href":"https:\/\/pepscan.eu\/en\/wp-json\/wp\/v2\/pages\/4332","targetHints":{"allow":["GET"]}}],"collection":[{"href":"https:\/\/pepscan.eu\/en\/wp-json\/wp\/v2\/pages"}],"about":[{"href":"https:\/\/pepscan.eu\/en\/wp-json\/wp\/v2\/types\/page"}],"author":[{"embeddable":true,"href":"https:\/\/pepscan.eu\/en\/wp-json\/wp\/v2\/users\/1"}],"replies":[{"embeddable":true,"href":"https:\/\/pepscan.eu\/en\/wp-json\/wp\/v2\/comments?post=4332"}],"version-history":[{"count":3,"href":"https:\/\/pepscan.eu\/en\/wp-json\/wp\/v2\/pages\/4332\/revisions"}],"predecessor-version":[{"id":4446,"href":"https:\/\/pepscan.eu\/en\/wp-json\/wp\/v2\/pages\/4332\/revisions\/4446"}],"wp:attachment":[{"href":"https:\/\/pepscan.eu\/en\/wp-json\/wp\/v2\/media?parent=4332"}],"curies":[{"name":"wp","href":"https:\/\/api.w.org\/{rel}","templated":true}]}}